{"id":332,"date":"2025-04-21T16:24:22","date_gmt":"2025-04-21T14:24:22","guid":{"rendered":"https:\/\/bcpd2025fmabloc3.shop\/?page_id=332"},"modified":"2025-04-21T16:24:22","modified_gmt":"2025-04-21T14:24:22","slug":"parfums-homme","status":"publish","type":"page","link":"https:\/\/bcpd2025fmabloc3.shop\/index.php\/parfums-homme\/","title":{"rendered":"Parfums homme"},"content":{"rendered":"<h2 class=\"wp-block-heading has-custom-color-4-color has-custom-color-3-background-color has-text-color has-background has-link-color has-large-font-size wp-elements-096198d2928f87d26788a3e14d928105\">Une gamme de parfums d\u00e9di\u00e9e aux hommes<\/h2><div data-block-name=\"woocommerce\/single-product\" data-product-id=\"207\" class=\"wp-block-woocommerce-single-product woocommerce\"><div class=\"wp-block-columns is-layout-flex wp-container-core-columns-is-layout-28f84493 wp-block-columns-is-layout-flex\"><div class=\"wp-block-column is-layout-flow wp-block-column-is-layout-flow\"><div data-block-name=\"woocommerce\/product-image\" data-is-descendent-of-single-product-block=\"true\" data-show-sale-badge=\"false\" class=\"wc-block-components-product-image wc-block-grid__product-image wp-block-woocommerce-product-image\">\n\t\t\t\t\t<a href=\"https:\/\/bcpd2025fmabloc3.shop\/index.php\/\/produit\/lemon-mood\/\" style=\"\" data-wp-on--click=\"woocommerce\/product-collection::actions.viewProduct\"> <img loading=\"lazy\" decoding=\"async\" width=\"238\" height=\"325\" src=\"https:\/\/bcpd2025fmabloc3.shop\/wp-content\/uploads\/2025\/04\/Capture-decran-2025-04-20-181924.png\" class=\"attachment-woocommerce_single size-woocommerce_single\" alt=\"Lemon mood\" data-testid=\"product-image\" style=\"max-width:none;object-fit:cover;\" title=\"Capture d\u2019\u00e9cran 2025-04-20 181924\" srcset=\"https:\/\/bcpd2025fmabloc3.shop\/wp-content\/uploads\/2025\/04\/Capture-decran-2025-04-20-181924.png 238w, https:\/\/bcpd2025fmabloc3.shop\/wp-content\/uploads\/2025\/04\/Capture-decran-2025-04-20-181924-220x300.png 220w\" sizes=\"auto, (max-width: 238px) 100vw, 238px\" \/><\/a>\n\t\t\t\t<\/div><\/div>\n\n<div class=\"wp-block-column is-layout-flow wp-block-column-is-layout-flow\"><h2 class=\"wp-block-post-title\"><a href=\"https:\/\/bcpd2025fmabloc3.shop\/index.php\/\/produit\/lemon-mood\/\" target=\"_self\" >Lemon mood<\/a><\/h2>\n\n<div data-block-name=\"woocommerce\/product-price\" data-is-descendent-of-single-product-block=\"true\" class=\"wp-block-woocommerce-product-price\"><div class=\"wc-block-components-product-price wc-block-grid__product-price  \" style=\"\">\n\t\t\t\t\t<del aria-hidden=\"true\"><span class=\"woocommerce-Price-amount amount\"><bdi>12,99&nbsp;<span class=\"woocommerce-Price-currencySymbol\">&euro;<\/span><\/bdi><\/span><\/del> <span class=\"screen-reader-text\">Original price was: 12,99&nbsp;&euro;.<\/span><ins aria-hidden=\"true\"><span class=\"woocommerce-Price-amount amount\"><bdi>9,99&nbsp;<span class=\"woocommerce-Price-currencySymbol\">&euro;<\/span><\/bdi><\/span><\/ins><span class=\"screen-reader-text\">Current price is: 9,99&nbsp;&euro;.<\/span>\n\t\t\t\t<\/div><\/div>\n\n<div data-block-name=\"woocommerce\/product-summary\" data-is-descendent-of-single-product-block=\"true\" class=\"wp-block-woocommerce-product-summary\"><div class=\"wc-block-components-product-summary \" style=\"\">\n\t\t\t\t<p>Dynamique et intense, une note d&#8217;agrume vient booster ce parfum<\/p>\n\n\t\t\t<\/div><\/div>\n\n<div data-block-name=\"woocommerce\/add-to-cart-form\" class=\"wp-block-add-to-cart-form wc-block-add-to-cart-form wc-block-add-to-cart-form--input wp-block-woocommerce-add-to-cart-form\" >\n\t\n\t<form class=\"cart\" action=\"https:\/\/bcpd2025fmabloc3.shop\/index.php\/\/produit\/lemon-mood\/\" method=\"post\" enctype='multipart\/form-data'>\n\t\t\n\t\t<div class=\"quantity\">\n\t\t<label class=\"screen-reader-text\" for=\"quantity_69e4db0d3e534\">Lemon mood quantity<\/label>\n\t<input\n\t\ttype=\"number\"\n\t\t\t\tid=\"quantity_69e4db0d3e534\"\n\t\tclass=\"input-text qty text\"\n\t\tname=\"quantity\"\n\t\tvalue=\"1\"\n\t\taria-label=\"Product quantity\"\n\t\t\t\tmin=\"1\"\n\t\tmax=\"\"\n\t\t\t\t\tstep=\"1\"\n\t\t\tplaceholder=\"\"\n\t\t\tinputmode=\"numeric\"\n\t\t\tautocomplete=\"off\"\n\t\t\t\/>\n\t<\/div>\n\n\t\t<button type=\"submit\" name=\"add-to-cart\" value=\"207\" class=\"single_add_to_cart_button button alt wp-element-button\">Add to cart<\/button>\n\n\t\t\t<\/form>\n\n\t\n<\/div>\n\n<div data-block-name=\"woocommerce\/product-meta\" class=\"wp-block-woocommerce-product-meta\"><div class=\"wp-block-group is-nowrap is-layout-flex wp-container-core-group-is-layout-6c531013 wp-block-group-is-layout-flex\"><\/div><\/div><\/div><\/div><\/div><div data-block-name=\"woocommerce\/single-product\" data-product-id=\"203\" class=\"wp-block-woocommerce-single-product woocommerce\"><div class=\"wp-block-columns is-layout-flex wp-container-core-columns-is-layout-28f84493 wp-block-columns-is-layout-flex\"><div class=\"wp-block-column is-layout-flow wp-block-column-is-layout-flow\"><div data-block-name=\"woocommerce\/product-image\" data-is-descendent-of-single-product-block=\"true\" data-show-sale-badge=\"false\" class=\"wc-block-components-product-image wc-block-grid__product-image wp-block-woocommerce-product-image\">\n\t\t\t\t\t<a href=\"https:\/\/bcpd2025fmabloc3.shop\/index.php\/\/produit\/blue-lagon\/\" style=\"\" data-wp-on--click=\"woocommerce\/product-collection::actions.viewProduct\"> <img loading=\"lazy\" decoding=\"async\" width=\"514\" height=\"529\" src=\"https:\/\/bcpd2025fmabloc3.shop\/wp-content\/uploads\/2025\/04\/Capture-decran-2025-04-20-181837.png\" class=\"attachment-woocommerce_single size-woocommerce_single\" alt=\"Blue lagon\" data-testid=\"product-image\" style=\"max-width:none;object-fit:cover;\" title=\"Capture d\u2019\u00e9cran 2025-04-20 181837\" srcset=\"https:\/\/bcpd2025fmabloc3.shop\/wp-content\/uploads\/2025\/04\/Capture-decran-2025-04-20-181837.png 514w, https:\/\/bcpd2025fmabloc3.shop\/wp-content\/uploads\/2025\/04\/Capture-decran-2025-04-20-181837-291x300.png 291w\" sizes=\"auto, (max-width: 514px) 100vw, 514px\" \/><\/a>\n\t\t\t\t<\/div><\/div>\n\n<div class=\"wp-block-column is-layout-flow wp-block-column-is-layout-flow\"><h2 class=\"wp-block-post-title\"><a href=\"https:\/\/bcpd2025fmabloc3.shop\/index.php\/\/produit\/blue-lagon\/\" target=\"_self\" >Blue lagon<\/a><\/h2>\n\n<div data-block-name=\"woocommerce\/product-price\" data-is-descendent-of-single-product-block=\"true\" class=\"wp-block-woocommerce-product-price\"><div class=\"wc-block-components-product-price wc-block-grid__product-price  \" style=\"\">\n\t\t\t\t\t<span class=\"woocommerce-Price-amount amount\"><bdi>11,99&nbsp;<span class=\"woocommerce-Price-currencySymbol\">&euro;<\/span><\/bdi><\/span>\n\t\t\t\t<\/div><\/div>\n\n<div data-block-name=\"woocommerce\/product-summary\" data-is-descendent-of-single-product-block=\"true\" class=\"wp-block-woocommerce-product-summary\"><div class=\"wc-block-components-product-summary \" style=\"\">\n\t\t\t\t<p>Une note fruit\u00e9e aux tonalit\u00e9s bleut\u00e9es<\/p>\n\n\t\t\t<\/div><\/div>\n\n<div data-block-name=\"woocommerce\/add-to-cart-form\" class=\"wp-block-add-to-cart-form wc-block-add-to-cart-form wc-block-add-to-cart-form--input wp-block-woocommerce-add-to-cart-form\" >\n\t\n\t<form class=\"cart\" action=\"https:\/\/bcpd2025fmabloc3.shop\/index.php\/\/produit\/blue-lagon\/\" method=\"post\" enctype='multipart\/form-data'>\n\t\t\n\t\t<div class=\"quantity\">\n\t\t<label class=\"screen-reader-text\" for=\"quantity_69e4db0d41c24\">Blue lagon quantity<\/label>\n\t<input\n\t\ttype=\"number\"\n\t\t\t\tid=\"quantity_69e4db0d41c24\"\n\t\tclass=\"input-text qty text\"\n\t\tname=\"quantity\"\n\t\tvalue=\"1\"\n\t\taria-label=\"Product quantity\"\n\t\t\t\tmin=\"1\"\n\t\tmax=\"\"\n\t\t\t\t\tstep=\"1\"\n\t\t\tplaceholder=\"\"\n\t\t\tinputmode=\"numeric\"\n\t\t\tautocomplete=\"off\"\n\t\t\t\/>\n\t<\/div>\n\n\t\t<button type=\"submit\" name=\"add-to-cart\" value=\"203\" class=\"single_add_to_cart_button button alt wp-element-button\">Add to cart<\/button>\n\n\t\t\t<\/form>\n\n\t\n<\/div>\n\n<div data-block-name=\"woocommerce\/product-meta\" class=\"wp-block-woocommerce-product-meta\"><div class=\"wp-block-group is-nowrap is-layout-flex wp-container-core-group-is-layout-6c531013 wp-block-group-is-layout-flex\"><\/div><\/div><\/div><\/div><\/div><div data-block-name=\"woocommerce\/single-product\" data-product-id=\"204\" class=\"wp-block-woocommerce-single-product woocommerce\"><div class=\"wp-block-columns is-layout-flex wp-container-core-columns-is-layout-28f84493 wp-block-columns-is-layout-flex\"><div class=\"wp-block-column is-layout-flow wp-block-column-is-layout-flow\"><div data-block-name=\"woocommerce\/product-image\" data-is-descendent-of-single-product-block=\"true\" data-show-sale-badge=\"false\" class=\"wc-block-components-product-image wc-block-grid__product-image wp-block-woocommerce-product-image\">\n\t\t\t\t\t<a href=\"https:\/\/bcpd2025fmabloc3.shop\/index.php\/\/produit\/fire-for-men\/\" style=\"\" data-wp-on--click=\"woocommerce\/product-collection::actions.viewProduct\"> <img loading=\"lazy\" decoding=\"async\" width=\"489\" height=\"529\" src=\"https:\/\/bcpd2025fmabloc3.shop\/wp-content\/uploads\/2025\/04\/Capture-decran-2025-04-20-182353.png\" class=\"attachment-woocommerce_single size-woocommerce_single\" alt=\"Fire for men\" data-testid=\"product-image\" style=\"max-width:none;object-fit:cover;\" title=\"Capture d\u2019\u00e9cran 2025-04-20 182353\" srcset=\"https:\/\/bcpd2025fmabloc3.shop\/wp-content\/uploads\/2025\/04\/Capture-decran-2025-04-20-182353.png 489w, https:\/\/bcpd2025fmabloc3.shop\/wp-content\/uploads\/2025\/04\/Capture-decran-2025-04-20-182353-277x300.png 277w\" sizes=\"auto, (max-width: 489px) 100vw, 489px\" \/><\/a>\n\t\t\t\t<\/div><\/div>\n\n<div class=\"wp-block-column is-layout-flow wp-block-column-is-layout-flow\"><h2 class=\"wp-block-post-title\"><a href=\"https:\/\/bcpd2025fmabloc3.shop\/index.php\/\/produit\/fire-for-men\/\" target=\"_self\" >Fire for men<\/a><\/h2>\n\n<div data-block-name=\"woocommerce\/product-price\" data-is-descendent-of-single-product-block=\"true\" class=\"wp-block-woocommerce-product-price\"><div class=\"wc-block-components-product-price wc-block-grid__product-price  \" style=\"\">\n\t\t\t\t\t<span class=\"woocommerce-Price-amount amount\"><bdi>11,99&nbsp;<span class=\"woocommerce-Price-currencySymbol\">&euro;<\/span><\/bdi><\/span>\n\t\t\t\t<\/div><\/div>\n\n<div data-block-name=\"woocommerce\/product-summary\" data-is-descendent-of-single-product-block=\"true\" class=\"wp-block-woocommerce-product-summary\"><div class=\"wc-block-components-product-summary \" style=\"\">\n\t\t\t\t<p>Un parfum brut, intense et captivant<\/p>\n\n\t\t\t<\/div><\/div>\n\n<div data-block-name=\"woocommerce\/add-to-cart-form\" class=\"wp-block-add-to-cart-form wc-block-add-to-cart-form wc-block-add-to-cart-form--input wp-block-woocommerce-add-to-cart-form\" >\n\t\n\t<form class=\"cart\" action=\"https:\/\/bcpd2025fmabloc3.shop\/index.php\/\/produit\/fire-for-men\/\" method=\"post\" enctype='multipart\/form-data'>\n\t\t\n\t\t<div class=\"quantity\">\n\t\t<label class=\"screen-reader-text\" for=\"quantity_69e4db0d4375d\">Fire for men quantity<\/label>\n\t<input\n\t\ttype=\"number\"\n\t\t\t\tid=\"quantity_69e4db0d4375d\"\n\t\tclass=\"input-text qty text\"\n\t\tname=\"quantity\"\n\t\tvalue=\"1\"\n\t\taria-label=\"Product quantity\"\n\t\t\t\tmin=\"1\"\n\t\tmax=\"\"\n\t\t\t\t\tstep=\"1\"\n\t\t\tplaceholder=\"\"\n\t\t\tinputmode=\"numeric\"\n\t\t\tautocomplete=\"off\"\n\t\t\t\/>\n\t<\/div>\n\n\t\t<button type=\"submit\" name=\"add-to-cart\" value=\"204\" class=\"single_add_to_cart_button button alt wp-element-button\">Add to cart<\/button>\n\n\t\t\t<\/form>\n\n\t\n<\/div>\n\n<div data-block-name=\"woocommerce\/product-meta\" class=\"wp-block-woocommerce-product-meta\"><div class=\"wp-block-group is-nowrap is-layout-flex wp-container-core-group-is-layout-6c531013 wp-block-group-is-layout-flex\"><\/div><\/div><\/div><\/div><\/div>","protected":false},"excerpt":{"rendered":"<p>Une gamme de parfums d\u00e9di\u00e9e aux hommes<\/p>\n","protected":false},"author":1,"featured_media":0,"parent":0,"menu_order":0,"comment_status":"closed","ping_status":"closed","template":"","meta":{"footnotes":""},"class_list":["post-332","page","type-page","status-publish","hentry"],"jetpack_sharing_enabled":true,"_links":{"self":[{"href":"https:\/\/bcpd2025fmabloc3.shop\/index.php\/wp-json\/wp\/v2\/pages\/332","targetHints":{"allow":["GET"]}}],"collection":[{"href":"https:\/\/bcpd2025fmabloc3.shop\/index.php\/wp-json\/wp\/v2\/pages"}],"about":[{"href":"https:\/\/bcpd2025fmabloc3.shop\/index.php\/wp-json\/wp\/v2\/types\/page"}],"author":[{"embeddable":true,"href":"https:\/\/bcpd2025fmabloc3.shop\/index.php\/wp-json\/wp\/v2\/users\/1"}],"replies":[{"embeddable":true,"href":"https:\/\/bcpd2025fmabloc3.shop\/index.php\/wp-json\/wp\/v2\/comments?post=332"}],"version-history":[{"count":2,"href":"https:\/\/bcpd2025fmabloc3.shop\/index.php\/wp-json\/wp\/v2\/pages\/332\/revisions"}],"predecessor-version":[{"id":336,"href":"https:\/\/bcpd2025fmabloc3.shop\/index.php\/wp-json\/wp\/v2\/pages\/332\/revisions\/336"}],"wp:attachment":[{"href":"https:\/\/bcpd2025fmabloc3.shop\/index.php\/wp-json\/wp\/v2\/media?parent=332"}],"curies":[{"name":"wp","href":"https:\/\/api.w.org\/{rel}","templated":true}]}}