{"id":282,"date":"2025-04-21T15:05:08","date_gmt":"2025-04-21T13:05:08","guid":{"rendered":"https:\/\/bcpd2025fmabloc3.shop\/?page_id=282"},"modified":"2025-04-21T18:45:25","modified_gmt":"2025-04-21T16:45:25","slug":"politique-de-confidentialite-2","status":"publish","type":"page","link":"https:\/\/bcpd2025fmabloc3.shop\/index.php\/politique-de-confidentialite-2\/","title":{"rendered":"Politique de confidentialit\u00e9"},"content":{"rendered":"<p>Politique de confidentialit\u00e9<\/p><p>Votre vie priv\u00e9e est importante pour nous.<\/p><p>Nous collectons uniquement les donn\u00e9es personnelles n\u00e9cessaires pour vous fournir nos services (ex. : nom, adresse e-mail, pr\u00e9f\u00e9rences de navigation). Ces donn\u00e9es ne sont jamais vendues ni partag\u00e9es sans votre consentement.<\/p><p>Vous avez le droit de consulter, modifier ou supprimer vos donn\u00e9es \u00e0 tout moment. Pour cela, il vous suffit de nous contacter \u00e0 l\u2019adresse suivante : [adresse email].<\/p><p>Ce site utilise des cookies pour am\u00e9liorer votre exp\u00e9rience utilisateur et mesurer l\u2019audience. Vous pouvez accepter, refuser ou personnaliser leur usage \u00e0 tout moment via notre pop-up &#8220;g\u00e9rer le consentement&#8221;<\/p><h2 class=\"wp-block-heading has-custom-color-4-background-color has-background\">Protection des donn\u00e9es personnelles<\/h2><p class=\"has-background-background-color has-background\">Nous nous engageons \u00e0 prot\u00e9ger vos informations personnelles, \u00e0 \u00eatre transparent sur les donn\u00e9es que nous d\u00e9tenons et \u00e0 vous donner le contr\u00f4le sur la fa\u00e7on dont nous les utilisons. L\u2019objectif de notre politique de confidentialit\u00e9 est de :<\/p><p>-vous expliquer clairement et simplement comment nous utilisons les informations que nous collectons lorsque vous utilisez nos services ;<\/p><p>-vous d\u00e9tailler les options que nous vous proposons afin de contr\u00f4ler l\u2019usage de vos donn\u00e9es, les droits que vous d\u00e9tenez sur celles-ci et la fa\u00e7on de les exercer.&nbsp;<\/p><p><strong>Qui est le responsable du traitement des donn\u00e9es me concernant ?<\/strong><\/p><p><strong>Quels services sont concern\u00e9s&nbsp;?<\/strong><\/p><p>La pr\u00e9sente politique de protection des donn\u00e9es personnelles s\u2019applique \u00e0 l\u2019ensemble des services que nous mettons \u00e0 votre disposition, sauf si vous \u00eates inform\u00e9 \u00e0 l\u2019occasion de votre acc\u00e8s \u00e0 l\u2019un de nos services qu\u2019une politique de protection sp\u00e9cifique et d\u00e9di\u00e9e s\u2019applique.<\/p><p><\/p><p><\/p><p><\/p>","protected":false},"excerpt":{"rendered":"<p>Politique de confidentialit\u00e9 Votre vie priv\u00e9e est importante pour nous. Nous collectons uniquement les donn\u00e9es personnelles n\u00e9cessaires pour vous fournir nos services (ex. : nom, adresse e-mail, pr\u00e9f\u00e9rences de navigation). Ces donn\u00e9es ne sont jamais vendues ni partag\u00e9es sans votre consentement. Vous avez le droit de consulter, modifier ou supprimer vos donn\u00e9es \u00e0 tout moment. [&hellip;]<\/p>\n","protected":false},"author":1,"featured_media":0,"parent":0,"menu_order":0,"comment_status":"closed","ping_status":"closed","template":"","meta":{"footnotes":""},"class_list":["post-282","page","type-page","status-publish","hentry"],"jetpack_sharing_enabled":true,"_links":{"self":[{"href":"https:\/\/bcpd2025fmabloc3.shop\/index.php\/wp-json\/wp\/v2\/pages\/282","targetHints":{"allow":["GET"]}}],"collection":[{"href":"https:\/\/bcpd2025fmabloc3.shop\/index.php\/wp-json\/wp\/v2\/pages"}],"about":[{"href":"https:\/\/bcpd2025fmabloc3.shop\/index.php\/wp-json\/wp\/v2\/types\/page"}],"author":[{"embeddable":true,"href":"https:\/\/bcpd2025fmabloc3.shop\/index.php\/wp-json\/wp\/v2\/users\/1"}],"replies":[{"embeddable":true,"href":"https:\/\/bcpd2025fmabloc3.shop\/index.php\/wp-json\/wp\/v2\/comments?post=282"}],"version-history":[{"count":3,"href":"https:\/\/bcpd2025fmabloc3.shop\/index.php\/wp-json\/wp\/v2\/pages\/282\/revisions"}],"predecessor-version":[{"id":372,"href":"https:\/\/bcpd2025fmabloc3.shop\/index.php\/wp-json\/wp\/v2\/pages\/282\/revisions\/372"}],"wp:attachment":[{"href":"https:\/\/bcpd2025fmabloc3.shop\/index.php\/wp-json\/wp\/v2\/media?parent=282"}],"curies":[{"name":"wp","href":"https:\/\/api.w.org\/{rel}","templated":true}]}}