{"id":129,"date":"2025-04-20T16:38:02","date_gmt":"2025-04-20T14:38:02","guid":{"rendered":"https:\/\/bcpd2025fmabloc3.shop\/?page_id=129"},"modified":"2025-04-20T19:00:52","modified_gmt":"2025-04-20T17:00:52","slug":"visage","status":"publish","type":"page","link":"https:\/\/bcpd2025fmabloc3.shop\/index.php\/visage\/","title":{"rendered":""},"content":{"rendered":"<h2 class=\"wp-block-heading has-text-align-center has-custom-color-4-color has-custom-color-3-background-color has-text-color has-background has-link-color has-large-font-size wp-elements-f2055438e63e8fceae0da16f0d8ad860\" style=\"margin-bottom:1rem\">D\u00e9couvrez notre gamme visage<\/h2><div data-block-name=\"woocommerce\/single-product\" data-product-id=\"211\" class=\"wp-block-woocommerce-single-product woocommerce\"><div class=\"wp-block-columns is-layout-flex wp-container-core-columns-is-layout-28f84493 wp-block-columns-is-layout-flex\"><div class=\"wp-block-column is-layout-flow wp-block-column-is-layout-flow\"><div data-block-name=\"woocommerce\/product-image\" data-is-descendent-of-single-product-block=\"true\" data-show-sale-badge=\"false\" class=\"wc-block-components-product-image wc-block-grid__product-image wp-block-woocommerce-product-image\">\n\t\t\t\t\t<a href=\"https:\/\/bcpd2025fmabloc3.shop\/index.php\/\/produit\/almond-cheeks\/\" style=\"\" data-wp-on--click=\"woocommerce\/product-collection::actions.viewProduct\"> <img loading=\"lazy\" decoding=\"async\" width=\"492\" height=\"480\" src=\"https:\/\/bcpd2025fmabloc3.shop\/wp-content\/uploads\/2025\/04\/Capture-decran-2025-04-20-182236.png\" class=\"attachment-woocommerce_single size-woocommerce_single\" alt=\"Almond cheeks\" data-testid=\"product-image\" style=\"max-width:none;object-fit:cover;\" title=\"Capture d\u2019\u00e9cran 2025-04-20 182236\" srcset=\"https:\/\/bcpd2025fmabloc3.shop\/wp-content\/uploads\/2025\/04\/Capture-decran-2025-04-20-182236.png 492w, https:\/\/bcpd2025fmabloc3.shop\/wp-content\/uploads\/2025\/04\/Capture-decran-2025-04-20-182236-300x293.png 300w\" sizes=\"auto, (max-width: 492px) 100vw, 492px\" \/><\/a>\n\t\t\t\t<\/div><\/div>\n\n<div class=\"wp-block-column is-layout-flow wp-block-column-is-layout-flow\"><h2 class=\"has-link-color wp-elements-a9894dc1382773c04444939a4a2ec1a8 wp-block-post-title has-text-color has-custom-color-3-color\"><a href=\"https:\/\/bcpd2025fmabloc3.shop\/index.php\/\/produit\/almond-cheeks\/\" target=\"_self\" >Almond cheeks<\/a><\/h2>\n\n<div data-block-name=\"woocommerce\/product-price\" data-is-descendent-of-single-product-block=\"true\" data-style=\"{&quot;elements&quot;:{&quot;link&quot;:{&quot;color&quot;:{&quot;text&quot;:&quot;var:preset|color|custom-color-2&quot;}}}}\" data-text-color=\"custom-color-2\" class=\"wp-block-woocommerce-product-price wp-elements-fc8871429701dfaeade912f1cfbdfaf5\"><div class=\"wc-block-components-product-price wc-block-grid__product-price  has-text-color has-custom-color-2-color wp-elements-fc8871429701dfaeade912f1cfbdfaf5\" style=\"\">\n\t\t\t\t\t<span class=\"woocommerce-Price-amount amount\"><bdi>11,99&nbsp;<span class=\"woocommerce-Price-currencySymbol\">&euro;<\/span><\/bdi><\/span>\n\t\t\t\t<\/div><\/div>\n\n<div data-block-name=\"woocommerce\/product-summary\" data-is-descendent-of-single-product-block=\"true\" data-style=\"{&quot;elements&quot;:{&quot;link&quot;:{&quot;color&quot;:{&quot;text&quot;:&quot;var:preset|color|custom-color-3&quot;}}}}\" data-text-color=\"custom-color-3\" class=\"wp-block-woocommerce-product-summary wp-elements-1696b2c43785c7a23586f99037f0979e\"><div class=\"wc-block-components-product-summary has-text-color has-custom-color-3-color wp-elements-1696b2c43785c7a23586f99037f0979e\" style=\"\">\n\t\t\t\t<p>Une touche d&#8217;amande pour venir nourrir votre visage<\/p>\n\n\t\t\t<\/div><\/div>\n\n<div data-block-name=\"woocommerce\/add-to-cart-form\" class=\"wp-block-add-to-cart-form wc-block-add-to-cart-form wc-block-add-to-cart-form--input wp-block-woocommerce-add-to-cart-form\" >\n\t\n\t<form class=\"cart\" action=\"https:\/\/bcpd2025fmabloc3.shop\/index.php\/\/produit\/almond-cheeks\/\" method=\"post\" enctype='multipart\/form-data'>\n\t\t\n\t\t<div class=\"quantity\">\n\t\t<label class=\"screen-reader-text\" for=\"quantity_69e4c4c698d96\">Almond cheeks quantity<\/label>\n\t<input\n\t\ttype=\"number\"\n\t\t\t\tid=\"quantity_69e4c4c698d96\"\n\t\tclass=\"input-text qty text\"\n\t\tname=\"quantity\"\n\t\tvalue=\"1\"\n\t\taria-label=\"Product quantity\"\n\t\t\t\tmin=\"1\"\n\t\tmax=\"\"\n\t\t\t\t\tstep=\"1\"\n\t\t\tplaceholder=\"\"\n\t\t\tinputmode=\"numeric\"\n\t\t\tautocomplete=\"off\"\n\t\t\t\/>\n\t<\/div>\n\n\t\t<button type=\"submit\" name=\"add-to-cart\" value=\"211\" class=\"single_add_to_cart_button button alt wp-element-button\">Add to cart<\/button>\n\n\t\t\t<\/form>\n\n\t\n<\/div>\n\n<div data-block-name=\"woocommerce\/product-meta\" class=\"wp-block-woocommerce-product-meta\"><div class=\"wp-block-group is-nowrap is-layout-flex wp-container-core-group-is-layout-6c531013 wp-block-group-is-layout-flex\"><\/div><\/div><\/div><\/div><\/div><div data-block-name=\"woocommerce\/single-product\" data-product-id=\"162\" class=\"wp-block-woocommerce-single-product woocommerce\"><div class=\"wp-block-columns is-layout-flex wp-container-core-columns-is-layout-28f84493 wp-block-columns-is-layout-flex\"><div class=\"wp-block-column is-layout-flow wp-block-column-is-layout-flow\"><div data-block-name=\"woocommerce\/product-image\" data-is-descendent-of-single-product-block=\"true\" data-show-sale-badge=\"false\" class=\"wc-block-components-product-image wc-block-grid__product-image wp-block-woocommerce-product-image\">\n\t\t\t\t\t<a href=\"https:\/\/bcpd2025fmabloc3.shop\/index.php\/\/produit\/tonic-face\/\" style=\"\" data-wp-on--click=\"woocommerce\/product-collection::actions.viewProduct\"> <img loading=\"lazy\" decoding=\"async\" width=\"480\" height=\"720\" src=\"https:\/\/bcpd2025fmabloc3.shop\/wp-content\/uploads\/2025\/04\/soap-8429699_960_720.jpg\" class=\"attachment-woocommerce_single size-woocommerce_single\" alt=\"Tonic face\" data-testid=\"product-image\" style=\"max-width:none;object-fit:cover;\" title=\"soap-8429699_960_720\" srcset=\"https:\/\/bcpd2025fmabloc3.shop\/wp-content\/uploads\/2025\/04\/soap-8429699_960_720.jpg 480w, https:\/\/bcpd2025fmabloc3.shop\/wp-content\/uploads\/2025\/04\/soap-8429699_960_720-200x300.jpg 200w\" sizes=\"auto, (max-width: 480px) 100vw, 480px\" \/><\/a>\n\t\t\t\t<\/div><\/div>\n\n<div class=\"wp-block-column is-layout-flow wp-block-column-is-layout-flow\"><h2 class=\"has-link-color wp-elements-a9894dc1382773c04444939a4a2ec1a8 wp-block-post-title has-text-color has-custom-color-3-color\"><a href=\"https:\/\/bcpd2025fmabloc3.shop\/index.php\/\/produit\/tonic-face\/\" target=\"_self\" >Tonic face<\/a><\/h2>\n\n<div data-block-name=\"woocommerce\/product-price\" data-is-descendent-of-single-product-block=\"true\" data-style=\"{&quot;elements&quot;:{&quot;link&quot;:{&quot;color&quot;:{&quot;text&quot;:&quot;var:preset|color|custom-color-2&quot;}}}}\" data-text-color=\"custom-color-2\" class=\"wp-block-woocommerce-product-price wp-elements-fc8871429701dfaeade912f1cfbdfaf5\"><div class=\"wc-block-components-product-price wc-block-grid__product-price  has-text-color has-custom-color-2-color wp-elements-fc8871429701dfaeade912f1cfbdfaf5\" style=\"\">\n\t\t\t\t\t<span class=\"woocommerce-Price-amount amount\"><bdi>9,99&nbsp;<span class=\"woocommerce-Price-currencySymbol\">&euro;<\/span><\/bdi><\/span>\n\t\t\t\t<\/div><\/div>\n\n<div data-block-name=\"woocommerce\/product-summary\" data-is-descendent-of-single-product-block=\"true\" data-style=\"{&quot;elements&quot;:{&quot;link&quot;:{&quot;color&quot;:{&quot;text&quot;:&quot;var:preset|color|custom-color-3&quot;}}}}\" data-text-color=\"custom-color-3\" class=\"wp-block-woocommerce-product-summary wp-elements-1696b2c43785c7a23586f99037f0979e\"><div class=\"wc-block-components-product-summary has-text-color has-custom-color-3-color wp-elements-1696b2c43785c7a23586f99037f0979e\" style=\"\">\n\t\t\t\t<p>Soin du visage tonic face : votre beaut\u00e9 illum\u00e9e par une formule innovante \u00e0 base d&#8217;amandes et de noix de coco !<\/p>\n\n\t\t\t<\/div><\/div>\n\n<div data-block-name=\"woocommerce\/add-to-cart-form\" class=\"wp-block-add-to-cart-form wc-block-add-to-cart-form wc-block-add-to-cart-form--input wp-block-woocommerce-add-to-cart-form\" >\n\t\n\t<form class=\"cart\" action=\"https:\/\/bcpd2025fmabloc3.shop\/index.php\/\/produit\/tonic-face\/\" method=\"post\" enctype='multipart\/form-data'>\n\t\t\n\t\t<div class=\"quantity\">\n\t\t<label class=\"screen-reader-text\" for=\"quantity_69e4c4c69b101\">Tonic face quantity<\/label>\n\t<input\n\t\ttype=\"number\"\n\t\t\t\tid=\"quantity_69e4c4c69b101\"\n\t\tclass=\"input-text qty text\"\n\t\tname=\"quantity\"\n\t\tvalue=\"1\"\n\t\taria-label=\"Product quantity\"\n\t\t\t\tmin=\"1\"\n\t\tmax=\"\"\n\t\t\t\t\tstep=\"1\"\n\t\t\tplaceholder=\"\"\n\t\t\tinputmode=\"numeric\"\n\t\t\tautocomplete=\"off\"\n\t\t\t\/>\n\t<\/div>\n\n\t\t<button type=\"submit\" name=\"add-to-cart\" value=\"162\" class=\"single_add_to_cart_button button alt wp-element-button\">Add to cart<\/button>\n\n\t\t\t<\/form>\n\n\t\n<\/div>\n\n<div data-block-name=\"woocommerce\/product-meta\" class=\"wp-block-woocommerce-product-meta\"><div class=\"wp-block-group is-nowrap is-layout-flex wp-container-core-group-is-layout-6c531013 wp-block-group-is-layout-flex\"><\/div><\/div><\/div><\/div><\/div>","protected":false},"excerpt":{"rendered":"<p>D\u00e9couvrez notre gamme visage<\/p>\n","protected":false},"author":1,"featured_media":0,"parent":0,"menu_order":0,"comment_status":"closed","ping_status":"closed","template":"","meta":{"footnotes":""},"class_list":["post-129","page","type-page","status-publish","hentry"],"jetpack_sharing_enabled":true,"_links":{"self":[{"href":"https:\/\/bcpd2025fmabloc3.shop\/index.php\/wp-json\/wp\/v2\/pages\/129","targetHints":{"allow":["GET"]}}],"collection":[{"href":"https:\/\/bcpd2025fmabloc3.shop\/index.php\/wp-json\/wp\/v2\/pages"}],"about":[{"href":"https:\/\/bcpd2025fmabloc3.shop\/index.php\/wp-json\/wp\/v2\/types\/page"}],"author":[{"embeddable":true,"href":"https:\/\/bcpd2025fmabloc3.shop\/index.php\/wp-json\/wp\/v2\/users\/1"}],"replies":[{"embeddable":true,"href":"https:\/\/bcpd2025fmabloc3.shop\/index.php\/wp-json\/wp\/v2\/comments?post=129"}],"version-history":[{"count":3,"href":"https:\/\/bcpd2025fmabloc3.shop\/index.php\/wp-json\/wp\/v2\/pages\/129\/revisions"}],"predecessor-version":[{"id":227,"href":"https:\/\/bcpd2025fmabloc3.shop\/index.php\/wp-json\/wp\/v2\/pages\/129\/revisions\/227"}],"wp:attachment":[{"href":"https:\/\/bcpd2025fmabloc3.shop\/index.php\/wp-json\/wp\/v2\/media?parent=129"}],"curies":[{"name":"wp","href":"https:\/\/api.w.org\/{rel}","templated":true}]}}