{"id":114,"date":"2025-04-20T16:28:19","date_gmt":"2025-04-20T14:28:19","guid":{"rendered":"https:\/\/bcpd2025fmabloc3.shop\/?page_id=114"},"modified":"2025-04-20T18:56:13","modified_gmt":"2025-04-20T16:56:13","slug":"parfum","status":"publish","type":"page","link":"https:\/\/bcpd2025fmabloc3.shop\/index.php\/parfum\/","title":{"rendered":"Nos parfums ind\u00e9dits"},"content":{"rendered":"<div data-block-name=\"woocommerce\/single-product\" data-product-id=\"203\" class=\"wp-block-woocommerce-single-product woocommerce\"><div class=\"wp-block-columns is-layout-flex wp-container-core-columns-is-layout-28f84493 wp-block-columns-is-layout-flex\"><div class=\"wp-block-column is-layout-flow wp-block-column-is-layout-flow\"><div data-block-name=\"woocommerce\/product-image\" data-is-descendent-of-single-product-block=\"true\" data-show-sale-badge=\"false\" class=\"wc-block-components-product-image wc-block-grid__product-image wp-block-woocommerce-product-image\">\n\t\t\t\t\t<a href=\"https:\/\/bcpd2025fmabloc3.shop\/index.php\/\/produit\/blue-lagon\/\" style=\"\" data-wp-on--click=\"woocommerce\/product-collection::actions.viewProduct\"> <img loading=\"lazy\" decoding=\"async\" width=\"514\" height=\"529\" src=\"https:\/\/bcpd2025fmabloc3.shop\/wp-content\/uploads\/2025\/04\/Capture-decran-2025-04-20-181837.png\" class=\"attachment-woocommerce_single size-woocommerce_single\" alt=\"Blue lagon\" data-testid=\"product-image\" style=\"max-width:none;object-fit:cover;\" title=\"Capture d\u2019\u00e9cran 2025-04-20 181837\" srcset=\"https:\/\/bcpd2025fmabloc3.shop\/wp-content\/uploads\/2025\/04\/Capture-decran-2025-04-20-181837.png 514w, https:\/\/bcpd2025fmabloc3.shop\/wp-content\/uploads\/2025\/04\/Capture-decran-2025-04-20-181837-291x300.png 291w\" sizes=\"auto, (max-width: 514px) 100vw, 514px\" \/><\/a>\n\t\t\t\t<\/div><\/div>\n\n<div class=\"wp-block-column is-layout-flow wp-block-column-is-layout-flow\"><h2 class=\"has-link-color wp-elements-a9894dc1382773c04444939a4a2ec1a8 wp-block-post-title has-text-color has-custom-color-3-color\"><a href=\"https:\/\/bcpd2025fmabloc3.shop\/index.php\/\/produit\/blue-lagon\/\" target=\"_self\" >Blue lagon<\/a><\/h2>\n\n<div data-block-name=\"woocommerce\/product-price\" data-is-descendent-of-single-product-block=\"true\" data-style=\"{&quot;elements&quot;:{&quot;link&quot;:{&quot;color&quot;:{&quot;text&quot;:&quot;var:preset|color|custom-color-2&quot;}}}}\" data-text-color=\"custom-color-2\" class=\"wp-block-woocommerce-product-price wp-elements-fc8871429701dfaeade912f1cfbdfaf5\"><div class=\"wc-block-components-product-price wc-block-grid__product-price  has-text-color has-custom-color-2-color wp-elements-fc8871429701dfaeade912f1cfbdfaf5\" style=\"\">\n\t\t\t\t\t<span class=\"woocommerce-Price-amount amount\"><bdi>11,99&nbsp;<span class=\"woocommerce-Price-currencySymbol\">&euro;<\/span><\/bdi><\/span>\n\t\t\t\t<\/div><\/div>\n\n<div data-block-name=\"woocommerce\/product-summary\" data-is-descendent-of-single-product-block=\"true\" data-style=\"{&quot;elements&quot;:{&quot;link&quot;:{&quot;color&quot;:{&quot;text&quot;:&quot;var:preset|color|custom-color-3&quot;}}}}\" data-text-color=\"custom-color-3\" class=\"wp-block-woocommerce-product-summary wp-elements-1696b2c43785c7a23586f99037f0979e\"><div class=\"wc-block-components-product-summary has-text-color has-custom-color-3-color wp-elements-1696b2c43785c7a23586f99037f0979e\" style=\"\">\n\t\t\t\t<p>Une note fruit\u00e9e aux tonalit\u00e9s bleut\u00e9es<\/p>\n\n\t\t\t<\/div><\/div>\n\n<div data-block-name=\"woocommerce\/add-to-cart-form\" class=\"wp-block-add-to-cart-form wc-block-add-to-cart-form wc-block-add-to-cart-form--input wp-block-woocommerce-add-to-cart-form\" >\n\t\n\t<form class=\"cart\" action=\"https:\/\/bcpd2025fmabloc3.shop\/index.php\/\/produit\/blue-lagon\/\" method=\"post\" enctype='multipart\/form-data'>\n\t\t\n\t\t<div class=\"quantity\">\n\t\t<label class=\"screen-reader-text\" for=\"quantity_69e4c94b79186\">Blue lagon quantity<\/label>\n\t<input\n\t\ttype=\"number\"\n\t\t\t\tid=\"quantity_69e4c94b79186\"\n\t\tclass=\"input-text qty text\"\n\t\tname=\"quantity\"\n\t\tvalue=\"1\"\n\t\taria-label=\"Product quantity\"\n\t\t\t\tmin=\"1\"\n\t\tmax=\"\"\n\t\t\t\t\tstep=\"1\"\n\t\t\tplaceholder=\"\"\n\t\t\tinputmode=\"numeric\"\n\t\t\tautocomplete=\"off\"\n\t\t\t\/>\n\t<\/div>\n\n\t\t<button type=\"submit\" name=\"add-to-cart\" value=\"203\" class=\"single_add_to_cart_button button alt wp-element-button\">Add to cart<\/button>\n\n\t\t\t<\/form>\n\n\t\n<\/div>\n\n<div data-block-name=\"woocommerce\/product-meta\" class=\"wp-block-woocommerce-product-meta\"><div class=\"wp-block-group is-nowrap is-layout-flex wp-container-core-group-is-layout-6c531013 wp-block-group-is-layout-flex\"><\/div><\/div><\/div><\/div><\/div><div data-block-name=\"woocommerce\/single-product\" data-product-id=\"99\" class=\"wp-block-woocommerce-single-product woocommerce\"><div class=\"wp-block-columns is-layout-flex wp-container-core-columns-is-layout-28f84493 wp-block-columns-is-layout-flex\"><div class=\"wp-block-column is-layout-flow wp-block-column-is-layout-flow\"><div data-block-name=\"woocommerce\/product-image\" data-is-descendent-of-single-product-block=\"true\" data-show-sale-badge=\"false\" class=\"wc-block-components-product-image wc-block-grid__product-image wp-block-woocommerce-product-image\">\n\t\t\t\t\t<a href=\"https:\/\/bcpd2025fmabloc3.shop\/index.php\/\/produit\/emerald-wood\/\" style=\"\" data-wp-on--click=\"woocommerce\/product-collection::actions.viewProduct\"> <img loading=\"lazy\" decoding=\"async\" width=\"412\" height=\"523\" src=\"https:\/\/bcpd2025fmabloc3.shop\/wp-content\/uploads\/2025\/04\/Capture-decran-2025-04-20-154837.png\" class=\"attachment-woocommerce_single size-woocommerce_single\" alt=\"Erald W\" data-testid=\"product-image\" style=\"max-width:none;object-fit:cover;\" title=\"Emerald Wood\" srcset=\"https:\/\/bcpd2025fmabloc3.shop\/wp-content\/uploads\/2025\/04\/Capture-decran-2025-04-20-154837.png 412w, https:\/\/bcpd2025fmabloc3.shop\/wp-content\/uploads\/2025\/04\/Capture-decran-2025-04-20-154837-236x300.png 236w\" sizes=\"auto, (max-width: 412px) 100vw, 412px\" \/><\/a>\n\t\t\t\t<\/div><\/div>\n\n<div class=\"wp-block-column is-layout-flow wp-block-column-is-layout-flow\"><h2 class=\"has-link-color wp-elements-a9894dc1382773c04444939a4a2ec1a8 wp-block-post-title has-text-color has-custom-color-3-color\"><a href=\"https:\/\/bcpd2025fmabloc3.shop\/index.php\/\/produit\/emerald-wood\/\" target=\"_self\" >Erald W<\/a><\/h2>\n\n<div data-block-name=\"woocommerce\/product-rating\" data-is-descendent-of-single-product-block=\"true\" class=\"wc-block-components-product-rating wc-block-grid__product-rating wp-block-woocommerce-product-rating\">\n\t\t\t\t\t\n\t\t\t\t<\/div>\n\n<div data-block-name=\"woocommerce\/product-price\" data-is-descendent-of-single-product-block=\"true\" data-style=\"{&quot;typography&quot;:{&quot;lineHeight&quot;:&quot;1.5&quot;},&quot;spacing&quot;:{&quot;padding&quot;:{&quot;right&quot;:&quot;0&quot;,&quot;left&quot;:&quot;0&quot;},&quot;margin&quot;:{&quot;top&quot;:&quot;0&quot;,&quot;bottom&quot;:&quot;0&quot;}},&quot;elements&quot;:{&quot;link&quot;:{&quot;color&quot;:{&quot;text&quot;:&quot;var:preset|color|custom-color-2&quot;}}}}\" data-text-color=\"custom-color-2\" class=\"wp-block-woocommerce-product-price wp-elements-6a08bba502249032366d3dc2b8cc0d70\"><div class=\"wc-block-components-product-price wc-block-grid__product-price  has-text-color has-custom-color-2-color wp-elements-6a08bba502249032366d3dc2b8cc0d70\" style=\"line-height: 1.5; margin-top:0;margin-bottom:0; padding-right:0;padding-left:0;\">\n\t\t\t\t\t<span class=\"woocommerce-Price-amount amount\"><bdi>9,99&nbsp;<span class=\"woocommerce-Price-currencySymbol\">&euro;<\/span><\/bdi><\/span>\n\t\t\t\t<\/div><\/div>\n\n<div data-block-name=\"woocommerce\/product-summary\" data-is-descendent-of-single-product-block=\"true\" data-style=\"{&quot;elements&quot;:{&quot;link&quot;:{&quot;color&quot;:{&quot;text&quot;:&quot;var:preset|color|custom-color-3&quot;}}}}\" data-text-color=\"custom-color-3\" class=\"wp-block-woocommerce-product-summary wp-elements-1696b2c43785c7a23586f99037f0979e\"><div class=\"wc-block-components-product-summary has-text-color has-custom-color-3-color wp-elements-1696b2c43785c7a23586f99037f0979e\" style=\"\">\n\t\t\t\t<p>Incarnez la joyaut\u00e9<\/p>\n\n\t\t\t<\/div><\/div>\n\n<div data-block-name=\"woocommerce\/add-to-cart-form\" class=\"wp-block-add-to-cart-form wc-block-add-to-cart-form wc-block-add-to-cart-form--input wp-block-woocommerce-add-to-cart-form\" >\n\t\n\t<form class=\"cart\" action=\"https:\/\/bcpd2025fmabloc3.shop\/index.php\/\/produit\/emerald-wood\/\" method=\"post\" enctype='multipart\/form-data'>\n\t\t\n\t\t<div class=\"quantity\">\n\t\t<label class=\"screen-reader-text\" for=\"quantity_69e4c94b7bc2b\">Erald W quantity<\/label>\n\t<input\n\t\ttype=\"number\"\n\t\t\t\tid=\"quantity_69e4c94b7bc2b\"\n\t\tclass=\"input-text qty text\"\n\t\tname=\"quantity\"\n\t\tvalue=\"1\"\n\t\taria-label=\"Product quantity\"\n\t\t\t\tmin=\"1\"\n\t\tmax=\"\"\n\t\t\t\t\tstep=\"1\"\n\t\t\tplaceholder=\"\"\n\t\t\tinputmode=\"numeric\"\n\t\t\tautocomplete=\"off\"\n\t\t\t\/>\n\t<\/div>\n\n\t\t<button type=\"submit\" name=\"add-to-cart\" value=\"99\" class=\"single_add_to_cart_button button alt wp-element-button\">Add to cart<\/button>\n\n\t\t\t<\/form>\n\n\t\n<\/div>\n\n<div data-block-name=\"woocommerce\/product-meta\" class=\"wp-block-woocommerce-product-meta\"><div class=\"wp-block-group is-nowrap is-layout-flex wp-container-core-group-is-layout-6c531013 wp-block-group-is-layout-flex\"><\/div><\/div><\/div><\/div><\/div><div data-block-name=\"woocommerce\/single-product\" data-product-id=\"204\" class=\"wp-block-woocommerce-single-product woocommerce\"><div class=\"wp-block-columns is-layout-flex wp-container-core-columns-is-layout-28f84493 wp-block-columns-is-layout-flex\"><div class=\"wp-block-column is-layout-flow wp-block-column-is-layout-flow\"><div data-block-name=\"woocommerce\/product-image\" data-is-descendent-of-single-product-block=\"true\" data-show-sale-badge=\"false\" class=\"wc-block-components-product-image wc-block-grid__product-image wp-block-woocommerce-product-image\">\n\t\t\t\t\t<a href=\"https:\/\/bcpd2025fmabloc3.shop\/index.php\/\/produit\/fire-for-men\/\" style=\"\" data-wp-on--click=\"woocommerce\/product-collection::actions.viewProduct\"> <img loading=\"lazy\" decoding=\"async\" width=\"489\" height=\"529\" src=\"https:\/\/bcpd2025fmabloc3.shop\/wp-content\/uploads\/2025\/04\/Capture-decran-2025-04-20-182353.png\" class=\"attachment-woocommerce_single size-woocommerce_single\" alt=\"Fire for men\" data-testid=\"product-image\" style=\"max-width:none;object-fit:cover;\" title=\"Capture d\u2019\u00e9cran 2025-04-20 182353\" srcset=\"https:\/\/bcpd2025fmabloc3.shop\/wp-content\/uploads\/2025\/04\/Capture-decran-2025-04-20-182353.png 489w, https:\/\/bcpd2025fmabloc3.shop\/wp-content\/uploads\/2025\/04\/Capture-decran-2025-04-20-182353-277x300.png 277w\" sizes=\"auto, (max-width: 489px) 100vw, 489px\" \/><\/a>\n\t\t\t\t<\/div><\/div>\n\n<div class=\"wp-block-column is-layout-flow wp-block-column-is-layout-flow\"><h2 class=\"has-link-color wp-elements-a9894dc1382773c04444939a4a2ec1a8 wp-block-post-title has-text-color has-custom-color-3-color\"><a href=\"https:\/\/bcpd2025fmabloc3.shop\/index.php\/\/produit\/fire-for-men\/\" target=\"_self\" >Fire for men<\/a><\/h2>\n\n<div data-block-name=\"woocommerce\/product-price\" data-is-descendent-of-single-product-block=\"true\" data-style=\"{&quot;elements&quot;:{&quot;link&quot;:{&quot;color&quot;:{&quot;text&quot;:&quot;var:preset|color|custom-color-2&quot;}}}}\" data-text-color=\"custom-color-2\" class=\"wp-block-woocommerce-product-price wp-elements-fc8871429701dfaeade912f1cfbdfaf5\"><div class=\"wc-block-components-product-price wc-block-grid__product-price  has-text-color has-custom-color-2-color wp-elements-fc8871429701dfaeade912f1cfbdfaf5\" style=\"\">\n\t\t\t\t\t<span class=\"woocommerce-Price-amount amount\"><bdi>11,99&nbsp;<span class=\"woocommerce-Price-currencySymbol\">&euro;<\/span><\/bdi><\/span>\n\t\t\t\t<\/div><\/div>\n\n<div data-block-name=\"woocommerce\/product-summary\" data-is-descendent-of-single-product-block=\"true\" data-style=\"{&quot;elements&quot;:{&quot;link&quot;:{&quot;color&quot;:{&quot;text&quot;:&quot;var:preset|color|custom-color-3&quot;}}}}\" data-text-color=\"custom-color-3\" class=\"wp-block-woocommerce-product-summary wp-elements-1696b2c43785c7a23586f99037f0979e\"><div class=\"wc-block-components-product-summary has-text-color has-custom-color-3-color wp-elements-1696b2c43785c7a23586f99037f0979e\" style=\"\">\n\t\t\t\t<p>Un parfum brut, intense et captivant<\/p>\n\n\t\t\t<\/div><\/div>\n\n<div data-block-name=\"woocommerce\/add-to-cart-form\" class=\"wp-block-add-to-cart-form wc-block-add-to-cart-form wc-block-add-to-cart-form--input wp-block-woocommerce-add-to-cart-form\" >\n\t\n\t<form class=\"cart\" action=\"https:\/\/bcpd2025fmabloc3.shop\/index.php\/\/produit\/fire-for-men\/\" method=\"post\" enctype='multipart\/form-data'>\n\t\t\n\t\t<div class=\"quantity\">\n\t\t<label class=\"screen-reader-text\" for=\"quantity_69e4c94b7dec3\">Fire for men quantity<\/label>\n\t<input\n\t\ttype=\"number\"\n\t\t\t\tid=\"quantity_69e4c94b7dec3\"\n\t\tclass=\"input-text qty text\"\n\t\tname=\"quantity\"\n\t\tvalue=\"1\"\n\t\taria-label=\"Product quantity\"\n\t\t\t\tmin=\"1\"\n\t\tmax=\"\"\n\t\t\t\t\tstep=\"1\"\n\t\t\tplaceholder=\"\"\n\t\t\tinputmode=\"numeric\"\n\t\t\tautocomplete=\"off\"\n\t\t\t\/>\n\t<\/div>\n\n\t\t<button type=\"submit\" name=\"add-to-cart\" value=\"204\" class=\"single_add_to_cart_button button alt wp-element-button\">Add to cart<\/button>\n\n\t\t\t<\/form>\n\n\t\n<\/div>\n\n<div data-block-name=\"woocommerce\/product-meta\" class=\"wp-block-woocommerce-product-meta\"><div class=\"wp-block-group is-nowrap is-layout-flex wp-container-core-group-is-layout-6c531013 wp-block-group-is-layout-flex\"><\/div><\/div><\/div><\/div><\/div><p><\/p>","protected":false},"excerpt":{"rendered":"","protected":false},"author":1,"featured_media":0,"parent":0,"menu_order":0,"comment_status":"closed","ping_status":"closed","template":"","meta":{"footnotes":""},"class_list":["post-114","page","type-page","status-publish","hentry"],"jetpack_sharing_enabled":true,"_links":{"self":[{"href":"https:\/\/bcpd2025fmabloc3.shop\/index.php\/wp-json\/wp\/v2\/pages\/114","targetHints":{"allow":["GET"]}}],"collection":[{"href":"https:\/\/bcpd2025fmabloc3.shop\/index.php\/wp-json\/wp\/v2\/pages"}],"about":[{"href":"https:\/\/bcpd2025fmabloc3.shop\/index.php\/wp-json\/wp\/v2\/types\/page"}],"author":[{"embeddable":true,"href":"https:\/\/bcpd2025fmabloc3.shop\/index.php\/wp-json\/wp\/v2\/users\/1"}],"replies":[{"embeddable":true,"href":"https:\/\/bcpd2025fmabloc3.shop\/index.php\/wp-json\/wp\/v2\/comments?post=114"}],"version-history":[{"count":5,"href":"https:\/\/bcpd2025fmabloc3.shop\/index.php\/wp-json\/wp\/v2\/pages\/114\/revisions"}],"predecessor-version":[{"id":223,"href":"https:\/\/bcpd2025fmabloc3.shop\/index.php\/wp-json\/wp\/v2\/pages\/114\/revisions\/223"}],"wp:attachment":[{"href":"https:\/\/bcpd2025fmabloc3.shop\/index.php\/wp-json\/wp\/v2\/media?parent=114"}],"curies":[{"name":"wp","href":"https:\/\/api.w.org\/{rel}","templated":true}]}}